{"id":766,"date":"2024-05-17T22:07:26","date_gmt":"2024-05-17T22:07:26","guid":{"rendered":"https:\/\/ventauniversitaria.com\/?page_id=766"},"modified":"2024-06-05T18:18:18","modified_gmt":"2024-06-05T18:18:18","slug":"ventu-reviews","status":"publish","type":"page","link":"https:\/\/ventauniversitaria.com\/index.php\/ventu-reviews\/","title":{"rendered":"VentU Reviews"},"content":{"rendered":"\t\t<div data-elementor-type=\"wp-page\" data-elementor-id=\"766\" class=\"elementor elementor-766\" data-elementor-post-type=\"page\">\n\t\t\t\t<div class=\"elementor-element elementor-element-95234d8 e-flex e-con-boxed e-con e-parent\" data-id=\"95234d8\" data-element_type=\"container\" data-e-type=\"container\">\n\t\t\t\t\t<div class=\"e-con-inner\">\n\t\t\t\t<div class=\"elementor-element elementor-element-fb87991 elementor-widget elementor-widget-site_reviews\" data-id=\"fb87991\" data-element_type=\"widget\" data-e-type=\"widget\" data-widget_type=\"site_reviews.default\">\n\t\t\t\t<div class=\"elementor-widget-container\">\n\t\t\t\t\t<div class=\"glsr glsr-default\" id=\"glsr_26829673\" data-from=\"elementor\" data-shortcode=\"site_reviews\" data-display=\"10\"><div class=\"glsr-reviews-wrap\">\n    <div class=\"glsr-reviews\">\n        <p class=\"glsr-no-margins\">A\u00fan no hay opiniones. S\u00e9 el primero en escribir una.<\/p>\n    <\/div>\n    \n<\/div><\/div>\t\t\t\t<\/div>\n\t\t\t\t<\/div>\n\t\t\t\t<div class=\"elementor-element elementor-element-e5668b6 elementor-widget elementor-widget-site_reviews_form\" data-id=\"e5668b6\" data-element_type=\"widget\" data-e-type=\"widget\" data-widget_type=\"site_reviews_form.default\">\n\t\t\t\t<div class=\"elementor-widget-container\">\n\t\t\t\t\t<div class=\"glsr glsr-default\" id=\"glsr_9ff698be\" data-from=\"elementor\" data-shortcode=\"site_reviews_form\" data-hide=\"terms,email\"><div class=\"glsr-login-register\">\n    <p>Debes ser <a href=\"https:\/\/ventauniversitaria.com\/index.php\/login\/?redirect_to=https%3A%2F%2Fventauniversitaria.com%2Findex.php%2Fventu-reviews%2F\">conectado<\/a> para enviar una opini\u00f3n.<\/p>\n<\/div><\/div>\t\t\t\t<\/div>\n\t\t\t\t<\/div>\n\t\t\t\t\t<\/div>\n\t\t\t\t<\/div>\n\t\t\t\t<\/div>\n\t\t","protected":false},"excerpt":{"rendered":"<p>A\u00fan no hay opiniones. S\u00e9 el primero en escribir una. Agregar un comentario escrito Calificaci\u00f3n general Seleccione una clasificaci\u00f3n5 Estrellas4 Estrellas3 Estrellas2 Estrellas1 Estrella Agregar un t\u00edtulo Agregar un comentario escrito Nombre Enviar opini\u00f3n<\/p>\n","protected":false},"author":1,"featured_media":0,"parent":0,"menu_order":0,"comment_status":"closed","ping_status":"closed","template":"","meta":{"_glsr_average":0,"_glsr_ranking":0,"_glsr_reviews":0,"footnotes":""},"class_list":["post-766","page","type-page","status-publish","hentry","entry","owp-thumbs-layout-horizontal","owp-btn-normal","owp-tabs-layout-horizontal","has-no-thumbnails","has-product-nav"],"_links":{"self":[{"href":"https:\/\/ventauniversitaria.com\/index.php\/wp-json\/wp\/v2\/pages\/766","targetHints":{"allow":["GET"]}}],"collection":[{"href":"https:\/\/ventauniversitaria.com\/index.php\/wp-json\/wp\/v2\/pages"}],"about":[{"href":"https:\/\/ventauniversitaria.com\/index.php\/wp-json\/wp\/v2\/types\/page"}],"author":[{"embeddable":true,"href":"https:\/\/ventauniversitaria.com\/index.php\/wp-json\/wp\/v2\/users\/1"}],"replies":[{"embeddable":true,"href":"https:\/\/ventauniversitaria.com\/index.php\/wp-json\/wp\/v2\/comments?post=766"}],"version-history":[{"count":38,"href":"https:\/\/ventauniversitaria.com\/index.php\/wp-json\/wp\/v2\/pages\/766\/revisions"}],"predecessor-version":[{"id":1164,"href":"https:\/\/ventauniversitaria.com\/index.php\/wp-json\/wp\/v2\/pages\/766\/revisions\/1164"}],"wp:attachment":[{"href":"https:\/\/ventauniversitaria.com\/index.php\/wp-json\/wp\/v2\/media?parent=766"}],"curies":[{"name":"wp","href":"https:\/\/api.w.org\/{rel}","templated":true}]}}