{"id":528,"date":"2024-04-26T00:16:57","date_gmt":"2024-04-26T00:16:57","guid":{"rendered":"https:\/\/ventauniversitaria.com\/?page_id=528"},"modified":"2024-04-26T00:26:57","modified_gmt":"2024-04-26T00:26:57","slug":"tyc","status":"publish","type":"page","link":"https:\/\/ventauniversitaria.com\/index.php\/tyc\/","title":{"rendered":"T\u00e9rminos y condiciones"},"content":{"rendered":"\t\t<div data-elementor-type=\"wp-page\" data-elementor-id=\"528\" class=\"elementor elementor-528\" data-elementor-post-type=\"page\">\n\t\t\t\t<div class=\"elementor-element elementor-element-2959e3f4 e-flex e-con-boxed e-con e-parent\" data-id=\"2959e3f4\" data-element_type=\"container\" data-e-type=\"container\">\n\t\t\t\t\t<div class=\"e-con-inner\">\n\t\t\t\t<div class=\"elementor-element elementor-element-377619bb elementor-widget elementor-widget-text-editor\" data-id=\"377619bb\" data-element_type=\"widget\" data-e-type=\"widget\" data-widget_type=\"text-editor.default\">\n\t\t\t\t<div class=\"elementor-widget-container\">\n\t\t\t\t\t\t\t\t\t<p><\/p>\n<h1 class=\"wp-block-heading\"><strong>T\u00e9rminos y Condiciones de VentU<\/strong><\/h1>\n<h4>\u00a0<\/h4>\n<h3><strong>Bienvenido a VentU<\/strong><\/h3>\n<p>Los siguientes t\u00e9rminos y condiciones rigen el uso del sitio web y los servicios ofrecidos por VentU, accesible en nuestra plataforma online. Al utilizar nuestro sitio web, usted acepta estos t\u00e9rminos y condiciones en su totalidad. Si no est\u00e1 de acuerdo con alguna parte de estos t\u00e9rminos, por favor no utilice nuestro sitio web.<\/p>\n<h3><strong>Licencia de Uso<\/strong><\/h3>\n<p>A menos que se indique lo contrario, VentU y\/o sus licenciantes son propietarios de los derechos de propiedad intelectual de todo el material en VentU. Todo el contenido de propiedad intelectual est\u00e1 reservado. Puede acceder a este desde VentU para su uso personal sujeto a las restricciones establecidas en estos t\u00e9rminos y condiciones.<\/p>\n<p>No debe:<\/p>\n<ul>\n<li>Republicar material de VentU sin consentimiento previo.<\/li>\n<li>Vender, alquilar o sub-licenciar material de VentU.<\/li>\n<li>Reproducir, duplicar o copiar material de VentU para fines comerciales.<\/li>\n<li>Redistribuir contenido de VentU, excepto contenido espec\u00edficamente y expresamente disponible para redistribuci\u00f3n.<\/li>\n<\/ul>\n<h3><strong>Contenido de Usuario<\/strong><\/h3>\n<p>En estos t\u00e9rminos y condiciones, \u201csu contenido\u201d se refiere a cualquier material (incluyendo sin limitaci\u00f3n texto, im\u00e1genes, material audiovisual y audio) que usted env\u00ede a VentU, por cualquier medio o canal. Al enviar su contenido, usted otorga a VentU una licencia mundial, irrevocable, no exclusiva, libre de regal\u00edas para usar, reproducir, adaptar, publicar, traducir y distribuir su contenido en cualquier medio existente o futuro.<\/p>\n<h3><strong>Privacidad y Datos Personales<\/strong><\/h3>\n<p>La protecci\u00f3n de datos personales es de suma importancia para VentU. La informaci\u00f3n recopilada de los usuarios de nuestro sitio web es manejada y protegida de acuerdo con nuestro Aviso de Privacidad. Para m\u00e1s detalles sobre c\u00f3mo manejamos la informaci\u00f3n personal, por favor consulte nuestro Aviso de Privacidad.<\/p>\n<h3><strong>No garant\u00edas<\/strong><\/h3>\n<p>Este sitio web se proporciona &#8220;tal cual&#8221; sin ninguna representaci\u00f3n o garant\u00eda, expresa o impl\u00edcita. VentU no hace representaciones o garant\u00edas en relaci\u00f3n con este sitio web o la informaci\u00f3n y materiales proporcionados en este sitio web.<\/p>\n<h3><strong>Limitaciones de responsabilidad<\/strong><\/h3>\n<p>VentU no ser\u00e1 responsable de ninguna manera en relaci\u00f3n con el contenido del, o uso de, o de otra manera en conexi\u00f3n con, este sitio web:<\/p>\n<ul>\n<li>en la medida en que el sitio web se proporciona de forma gratuita, por cualquier p\u00e9rdida directa;<\/li>\n<li>por cualquier p\u00e9rdida indirecta, especial o consecuente; o<\/li>\n<li>por cualquier p\u00e9rdida de negocios, p\u00e9rdida de ingresos, ingresos, beneficios o ahorros anticipados, p\u00e9rdida de contratos o relaciones comerciales, p\u00e9rdida de reputaci\u00f3n o p\u00e9rdida o corrupci\u00f3n de informaci\u00f3n o datos.<\/li>\n<\/ul>\n<h3><strong>Modificaciones<\/strong><\/h3>\n<p>VentU puede revisar estos t\u00e9rminos y condiciones de vez en cuando. Los t\u00e9rminos y condiciones revisados se aplicar\u00e1n al uso de este sitio web desde la fecha de la publicaci\u00f3n de los t\u00e9rminos y condiciones revisados en este sitio web. Revise esta p\u00e1gina regularmente para asegurarse de estar familiarizado con la versi\u00f3n actual.<\/p>\n<h3><strong>Asignaci\u00f3n<\/strong><\/h3>\n<p>VentU puede transferir, subcontratar o tratar de otro modo con los derechos y\/o obligaciones bajo estos t\u00e9rminos y condiciones sin notificarle o obtener su consentimiento.<\/p>\n<h3><strong>Divisibilidad<\/strong><\/h3>\n<p>Si una disposici\u00f3n de estos t\u00e9rminos y condiciones es determinada por cualquier corte o autoridad competente como ilegal y\/o inaplicable, las dem\u00e1s disposiciones continuar\u00e1n en efecto. Si alguna disposici\u00f3n ilegal y\/o inaplicable puede ser legal o aplicable si parte de ella es eliminada, esa parte se considerar\u00e1 eliminada, y el resto de la disposici\u00f3n continuar\u00e1 en vigor.<\/p>\n<h3><strong>Acuerdo Completo<\/strong><\/h3>\n<p>Estos t\u00e9rminos y condiciones, junto con el Aviso de Privacidad de VentU, constituyen el acuerdo completo entre usted y VentU en relaci\u00f3n con su uso de este sitio web, y sustituyen a todos los acuerdos y entendimientos anteriores en relaci\u00f3n con el mismo.<\/p>\n<h3><strong>Detalles de Contacto<\/strong><\/h3>\n<p>Si tiene cualquier pregunta o necesita informaci\u00f3n adicional acerca de nuestros t\u00e9rminos y condiciones, por favor no dude en contactarnos:<\/p>\n<ul>\n<li><strong>Correo electr\u00f3nico:<\/strong> <a target=\"_new\">Contacto@ventu.com<\/a><\/li>\n<li><strong>Tel\u00e9fono:<\/strong> 52 1 771 518 2209<\/li>\n<\/ul>\n<p>Estos t\u00e9rminos y condiciones se regir\u00e1n e interpretar\u00e1n de acuerdo con las leyes de M\u00e9xico, y cualquier disputa relacionada con estos t\u00e9rminos y condiciones estar\u00e1 sujeta a la jurisdicci\u00f3n exclusiva de los tribunales de M\u00e9xico.<\/p>\n<p><\/p>\t\t\t\t\t\t\t\t<\/div>\n\t\t\t\t<\/div>\n\t\t\t\t\t<\/div>\n\t\t\t\t<\/div>\n\t\t\t\t<\/div>\n\t\t","protected":false},"excerpt":{"rendered":"<p>T\u00e9rminos y Condiciones de VentU \u00a0 Bienvenido a VentU Los siguientes t\u00e9rminos y condiciones rigen el uso del sitio web y los servicios ofrecidos por VentU, accesible en nuestra plataforma online. Al utilizar nuestro sitio web, usted acepta estos t\u00e9rminos y condiciones en su totalidad. Si no est\u00e1 de acuerdo con alguna parte de estos [&hellip;]<\/p>\n","protected":false},"author":28,"featured_media":0,"parent":0,"menu_order":0,"comment_status":"closed","ping_status":"closed","template":"","meta":{"_glsr_average":0,"_glsr_ranking":0,"_glsr_reviews":0,"footnotes":""},"class_list":["post-528","page","type-page","status-publish","hentry","entry","owp-thumbs-layout-horizontal","owp-btn-normal","owp-tabs-layout-horizontal","has-no-thumbnails","has-product-nav"],"_links":{"self":[{"href":"https:\/\/ventauniversitaria.com\/index.php\/wp-json\/wp\/v2\/pages\/528","targetHints":{"allow":["GET"]}}],"collection":[{"href":"https:\/\/ventauniversitaria.com\/index.php\/wp-json\/wp\/v2\/pages"}],"about":[{"href":"https:\/\/ventauniversitaria.com\/index.php\/wp-json\/wp\/v2\/types\/page"}],"author":[{"embeddable":true,"href":"https:\/\/ventauniversitaria.com\/index.php\/wp-json\/wp\/v2\/users\/28"}],"replies":[{"embeddable":true,"href":"https:\/\/ventauniversitaria.com\/index.php\/wp-json\/wp\/v2\/comments?post=528"}],"version-history":[{"count":10,"href":"https:\/\/ventauniversitaria.com\/index.php\/wp-json\/wp\/v2\/pages\/528\/revisions"}],"predecessor-version":[{"id":541,"href":"https:\/\/ventauniversitaria.com\/index.php\/wp-json\/wp\/v2\/pages\/528\/revisions\/541"}],"wp:attachment":[{"href":"https:\/\/ventauniversitaria.com\/index.php\/wp-json\/wp\/v2\/media?parent=528"}],"curies":[{"name":"wp","href":"https:\/\/api.w.org\/{rel}","templated":true}]}}